{"id":37,"date":"2022-02-20T21:51:00","date_gmt":"2022-02-20T20:51:00","guid":{"rendered":"https:\/\/lesjardinsderoquelin.fr\/ilex\/?page_id=37"},"modified":"2024-02-25T19:26:14","modified_gmt":"2024-02-25T18:26:14","slug":"galerie-photos","status":"publish","type":"page","link":"https:\/\/lesjardinsderoquelin.fr\/ilex\/galerie-photos\/","title":{"rendered":"GALERIE PHOTOS"},"content":{"rendered":"\t\t<div data-elementor-type=\"wp-page\" data-elementor-id=\"37\" class=\"elementor elementor-37\">\n\t\t\t\t\t\t<section class=\"elementor-section elementor-top-section elementor-element elementor-element-9bc406d elementor-section-stretched elementor-section-boxed elementor-section-height-default elementor-section-height-default\" data-id=\"9bc406d\" data-element_type=\"section\" data-e-type=\"section\" data-settings=\"{&quot;stretch_section&quot;:&quot;section-stretched&quot;}\">\n\t\t\t\t\t\t<div class=\"elementor-container elementor-column-gap-default\">\n\t\t\t\t\t<div class=\"elementor-column elementor-col-33 elementor-top-column elementor-element elementor-element-321ba13\" data-id=\"321ba13\" data-element_type=\"column\" data-e-type=\"column\">\n\t\t\t<div class=\"elementor-widget-wrap elementor-element-populated\">\n\t\t\t\t\t\t<div class=\"elementor-element elementor-element-0f4bcc8 elementor-widget elementor-widget-image\" data-id=\"0f4bcc8\" data-element_type=\"widget\" data-e-type=\"widget\" data-widget_type=\"image.default\">\n\t\t\t\t<div class=\"elementor-widget-container\">\n\t\t\t\t\t\t\t\t\t\t\t\t\t\t\t<img fetchpriority=\"high\" decoding=\"async\" width=\"950\" height=\"634\" src=\"https:\/\/lesjardinsderoquelin.fr\/ilex\/wp-content\/uploads\/sites\/2\/2022\/02\/thumb_IMG_5768_1024-2-1024x683.jpg\" class=\"attachment-large size-large wp-image-27\" alt=\"\" srcset=\"https:\/\/lesjardinsderoquelin.fr\/ilex\/wp-content\/uploads\/sites\/2\/2022\/02\/thumb_IMG_5768_1024-2-1024x683.jpg 1024w, https:\/\/lesjardinsderoquelin.fr\/ilex\/wp-content\/uploads\/sites\/2\/2022\/02\/thumb_IMG_5768_1024-2-300x200.jpg 300w, https:\/\/lesjardinsderoquelin.fr\/ilex\/wp-content\/uploads\/sites\/2\/2022\/02\/thumb_IMG_5768_1024-2-768x512.jpg 768w, https:\/\/lesjardinsderoquelin.fr\/ilex\/wp-content\/uploads\/sites\/2\/2022\/02\/thumb_IMG_5768_1024-2-174x116.jpg 174w, https:\/\/lesjardinsderoquelin.fr\/ilex\/wp-content\/uploads\/sites\/2\/2022\/02\/thumb_IMG_5768_1024-2.jpg 1086w\" sizes=\"100vw\" \/>\t\t\t\t\t\t\t\t\t\t\t\t\t\t\t<\/div>\n\t\t\t\t<\/div>\n\t\t\t\t\t<\/div>\n\t\t<\/div>\n\t\t\t\t<div class=\"elementor-column elementor-col-33 elementor-top-column elementor-element elementor-element-0641332\" data-id=\"0641332\" data-element_type=\"column\" data-e-type=\"column\" data-settings=\"{&quot;background_background&quot;:&quot;classic&quot;}\">\n\t\t\t<div class=\"elementor-widget-wrap elementor-element-populated\">\n\t\t\t\t\t\t<div class=\"elementor-element elementor-element-b4b4293 elementor-widget elementor-widget-heading\" data-id=\"b4b4293\" data-element_type=\"widget\" data-e-type=\"widget\" data-widget_type=\"heading.default\">\n\t\t\t\t<div class=\"elementor-widget-container\">\n\t\t\t\t\t<h2 class=\"elementor-heading-title elementor-size-default\">L'Ilex<\/h2>\t\t\t\t<\/div>\n\t\t\t\t<\/div>\n\t\t\t\t<div class=\"elementor-element elementor-element-6751141 elementor-widget elementor-widget-text-editor\" data-id=\"6751141\" data-element_type=\"widget\" data-e-type=\"widget\" data-widget_type=\"text-editor.default\">\n\t\t\t\t<div class=\"elementor-widget-container\">\n\t\t\t\t\t\t\t\t\t<p>Le mot \u00ab\u00a0Ilex\u00a0\u00bb est extrait du latin et signifie \u00ab\u00a0ch\u00eane vert\u00a0\u00bb, cela \u00e0 cause de ses feuilles qui ressemblent beaucoup aux feuilles de ch\u00eanes.<\/p>\t\t\t\t\t\t\t\t<\/div>\n\t\t\t\t<\/div>\n\t\t\t\t<div class=\"elementor-element elementor-element-f468397 elementor-button-info elementor-align-center elementor-widget elementor-widget-button\" data-id=\"f468397\" data-element_type=\"widget\" data-e-type=\"widget\" data-widget_type=\"button.default\">\n\t\t\t\t<div class=\"elementor-widget-container\">\n\t\t\t\t\t\t\t\t\t<div class=\"elementor-button-wrapper\">\n\t\t\t\t\t<a class=\"elementor-button elementor-button-link elementor-size-xs\" href=\"https:\/\/lesjardinsderoquelin.fr\/ilex\/2022\/02\/19\/toutsavoirsurlilex\">\n\t\t\t\t\t\t<span class=\"elementor-button-content-wrapper\">\n\t\t\t\t\t\t\t\t\t<span class=\"elementor-button-text\">En savoir +<\/span>\n\t\t\t\t\t<\/span>\n\t\t\t\t\t<\/a>\n\t\t\t\t<\/div>\n\t\t\t\t\t\t\t\t<\/div>\n\t\t\t\t<\/div>\n\t\t\t\t\t<\/div>\n\t\t<\/div>\n\t\t\t\t<div class=\"elementor-column elementor-col-33 elementor-top-column elementor-element elementor-element-d29c0dd\" data-id=\"d29c0dd\" data-element_type=\"column\" data-e-type=\"column\">\n\t\t\t<div class=\"elementor-widget-wrap elementor-element-populated\">\n\t\t\t\t\t\t<div class=\"elementor-element elementor-element-f4fd835 elementor-widget elementor-widget-image\" data-id=\"f4fd835\" data-element_type=\"widget\" data-e-type=\"widget\" data-widget_type=\"image.default\">\n\t\t\t\t<div class=\"elementor-widget-container\">\n\t\t\t\t\t\t\t\t\t\t\t\t\t\t\t<img decoding=\"async\" width=\"512\" height=\"800\" src=\"https:\/\/lesjardinsderoquelin.fr\/ilex\/wp-content\/uploads\/sites\/2\/2022\/06\/Noir-et-Blanc-Portrait-dune-Femme-Photo-Wattpad-Livre-Couverture.png\" class=\"attachment-large size-large wp-image-288\" alt=\"Ilex\" srcset=\"https:\/\/lesjardinsderoquelin.fr\/ilex\/wp-content\/uploads\/sites\/2\/2022\/06\/Noir-et-Blanc-Portrait-dune-Femme-Photo-Wattpad-Livre-Couverture.png 512w, https:\/\/lesjardinsderoquelin.fr\/ilex\/wp-content\/uploads\/sites\/2\/2022\/06\/Noir-et-Blanc-Portrait-dune-Femme-Photo-Wattpad-Livre-Couverture-192x300.png 192w, https:\/\/lesjardinsderoquelin.fr\/ilex\/wp-content\/uploads\/sites\/2\/2022\/06\/Noir-et-Blanc-Portrait-dune-Femme-Photo-Wattpad-Livre-Couverture-74x116.png 74w\" sizes=\"100vw\" \/>\t\t\t\t\t\t\t\t\t\t\t\t\t\t\t<\/div>\n\t\t\t\t<\/div>\n\t\t\t\t\t<\/div>\n\t\t<\/div>\n\t\t\t\t\t<\/div>\n\t\t<\/section>\n\t\t\t\t<section class=\"elementor-section elementor-top-section elementor-element elementor-element-eb49b98 elementor-section-stretched elementor-section-boxed elementor-section-height-default elementor-section-height-default\" data-id=\"eb49b98\" data-element_type=\"section\" data-e-type=\"section\" data-settings=\"{&quot;stretch_section&quot;:&quot;section-stretched&quot;}\">\n\t\t\t\t\t\t<div class=\"elementor-container elementor-column-gap-default\">\n\t\t\t\t\t<div class=\"elementor-column elementor-col-33 elementor-top-column elementor-element elementor-element-5030b72\" data-id=\"5030b72\" data-element_type=\"column\" data-e-type=\"column\" data-settings=\"{&quot;background_background&quot;:&quot;classic&quot;}\">\n\t\t\t<div class=\"elementor-widget-wrap elementor-element-populated\">\n\t\t\t\t\t\t<div class=\"elementor-element elementor-element-44f6e6c elementor-widget elementor-widget-heading\" data-id=\"44f6e6c\" data-element_type=\"widget\" data-e-type=\"widget\" data-widget_type=\"heading.default\">\n\t\t\t\t<div class=\"elementor-widget-container\">\n\t\t\t\t\t<h2 class=\"elementor-heading-title elementor-size-default\">Les \u00e9rables<\/h2>\t\t\t\t<\/div>\n\t\t\t\t<\/div>\n\t\t\t\t<div class=\"elementor-element elementor-element-eacfed5 elementor-widget elementor-widget-text-editor\" data-id=\"eacfed5\" data-element_type=\"widget\" data-e-type=\"widget\" data-widget_type=\"text-editor.default\">\n\t\t\t\t<div class=\"elementor-widget-container\">\n\t\t\t\t\t\t\t\t\t<p>La plupart des \u00e9rables peuvent atteindre entre 10 et 45 m de hauteur. Les plus petits, eux, prennent le terme d\u2019arbrisseau. L\u2019\u00e9rable tol\u00e8re le manque de luminosit\u00e9\u00a0: beaucoup de petites esp\u00e8ces s\u2019accommodent de vivre sous la canop\u00e9e du feuillage des arbres.<\/p>\t\t\t\t\t\t\t\t<\/div>\n\t\t\t\t<\/div>\n\t\t\t\t<div class=\"elementor-element elementor-element-d3d2c82 elementor-align-center elementor-widget elementor-widget-button\" data-id=\"d3d2c82\" data-element_type=\"widget\" data-e-type=\"widget\" data-widget_type=\"button.default\">\n\t\t\t\t<div class=\"elementor-widget-container\">\n\t\t\t\t\t\t\t\t\t<div class=\"elementor-button-wrapper\">\n\t\t\t\t\t<a class=\"elementor-button elementor-button-link elementor-size-xs\" href=\"https:\/\/lesjardinsderoquelin.fr\/ilex\/2022\/02\/19\/toutsavoirsurlilex\/\">\n\t\t\t\t\t\t<span class=\"elementor-button-content-wrapper\">\n\t\t\t\t\t\t\t\t\t<span class=\"elementor-button-text\">En savoir +<\/span>\n\t\t\t\t\t<\/span>\n\t\t\t\t\t<\/a>\n\t\t\t\t<\/div>\n\t\t\t\t\t\t\t\t<\/div>\n\t\t\t\t<\/div>\n\t\t\t\t\t<\/div>\n\t\t<\/div>\n\t\t\t\t<div class=\"elementor-column elementor-col-66 elementor-top-column elementor-element elementor-element-a194f7c\" data-id=\"a194f7c\" data-element_type=\"column\" data-e-type=\"column\">\n\t\t\t<div class=\"elementor-widget-wrap elementor-element-populated\">\n\t\t\t\t\t\t<div class=\"elementor-element elementor-element-97c6beb elementor-widget elementor-widget-image\" data-id=\"97c6beb\" data-element_type=\"widget\" data-e-type=\"widget\" data-widget_type=\"image.default\">\n\t\t\t\t<div class=\"elementor-widget-container\">\n\t\t\t\t\t\t\t\t\t\t\t\t\t\t\t<img decoding=\"async\" width=\"950\" height=\"475\" src=\"https:\/\/lesjardinsderoquelin.fr\/ilex\/wp-content\/uploads\/sites\/2\/2022\/05\/2-min-1024x512.png\" class=\"attachment-large size-large wp-image-100\" alt=\"\" srcset=\"https:\/\/lesjardinsderoquelin.fr\/ilex\/wp-content\/uploads\/sites\/2\/2022\/05\/2-min-1024x512.png 1024w, https:\/\/lesjardinsderoquelin.fr\/ilex\/wp-content\/uploads\/sites\/2\/2022\/05\/2-min-300x150.png 300w, https:\/\/lesjardinsderoquelin.fr\/ilex\/wp-content\/uploads\/sites\/2\/2022\/05\/2-min-768x384.png 768w, https:\/\/lesjardinsderoquelin.fr\/ilex\/wp-content\/uploads\/sites\/2\/2022\/05\/2-min-800x400.png 800w, https:\/\/lesjardinsderoquelin.fr\/ilex\/wp-content\/uploads\/sites\/2\/2022\/05\/2-min-228x114.png 228w, https:\/\/lesjardinsderoquelin.fr\/ilex\/wp-content\/uploads\/sites\/2\/2022\/05\/2-min.png 1164w\" sizes=\"100vw\" \/>\t\t\t\t\t\t\t\t\t\t\t\t\t\t\t<\/div>\n\t\t\t\t<\/div>\n\t\t\t\t\t<\/div>\n\t\t<\/div>\n\t\t\t\t\t<\/div>\n\t\t<\/section>\n\t\t\t\t<section class=\"elementor-section elementor-top-section elementor-element elementor-element-4f4c7bf elementor-section-stretched elementor-section-boxed elementor-section-height-default elementor-section-height-default\" data-id=\"4f4c7bf\" data-element_type=\"section\" data-e-type=\"section\" data-settings=\"{&quot;stretch_section&quot;:&quot;section-stretched&quot;}\">\n\t\t\t\t\t\t<div class=\"elementor-container elementor-column-gap-default\">\n\t\t\t\t\t<div class=\"elementor-column elementor-col-50 elementor-top-column elementor-element elementor-element-9b61f16\" data-id=\"9b61f16\" data-element_type=\"column\" data-e-type=\"column\">\n\t\t\t<div class=\"elementor-widget-wrap elementor-element-populated\">\n\t\t\t\t\t\t<div class=\"elementor-element elementor-element-e12ed70 elementor-widget elementor-widget-image\" data-id=\"e12ed70\" data-element_type=\"widget\" data-e-type=\"widget\" data-widget_type=\"image.default\">\n\t\t\t\t<div class=\"elementor-widget-container\">\n\t\t\t\t\t\t\t\t\t\t\t\t\t\t\t<img loading=\"lazy\" decoding=\"async\" width=\"950\" height=\"950\" src=\"https:\/\/lesjardinsderoquelin.fr\/ilex\/wp-content\/uploads\/sites\/2\/2022\/05\/IMG_1221-1024x1024.jpg\" class=\"attachment-large size-large wp-image-192\" alt=\"Cl\u00e9matite\" srcset=\"https:\/\/lesjardinsderoquelin.fr\/ilex\/wp-content\/uploads\/sites\/2\/2022\/05\/IMG_1221-1024x1024.jpg 1024w, https:\/\/lesjardinsderoquelin.fr\/ilex\/wp-content\/uploads\/sites\/2\/2022\/05\/IMG_1221-300x300.jpg 300w, https:\/\/lesjardinsderoquelin.fr\/ilex\/wp-content\/uploads\/sites\/2\/2022\/05\/IMG_1221-150x150.jpg 150w, https:\/\/lesjardinsderoquelin.fr\/ilex\/wp-content\/uploads\/sites\/2\/2022\/05\/IMG_1221-768x768.jpg 768w, https:\/\/lesjardinsderoquelin.fr\/ilex\/wp-content\/uploads\/sites\/2\/2022\/05\/IMG_1221-1536x1536.jpg 1536w, https:\/\/lesjardinsderoquelin.fr\/ilex\/wp-content\/uploads\/sites\/2\/2022\/05\/IMG_1221-116x116.jpg 116w, https:\/\/lesjardinsderoquelin.fr\/ilex\/wp-content\/uploads\/sites\/2\/2022\/05\/IMG_1221.jpg 1920w\" sizes=\"100vw\" \/>\t\t\t\t\t\t\t\t\t\t\t\t\t\t\t<\/div>\n\t\t\t\t<\/div>\n\t\t\t\t\t<\/div>\n\t\t<\/div>\n\t\t\t\t<div class=\"elementor-column elementor-col-25 elementor-top-column elementor-element elementor-element-62c9987\" data-id=\"62c9987\" data-element_type=\"column\" data-e-type=\"column\">\n\t\t\t<div class=\"elementor-widget-wrap elementor-element-populated\">\n\t\t\t\t\t\t<div class=\"elementor-element elementor-element-7812c53 elementor-widget elementor-widget-image\" data-id=\"7812c53\" data-element_type=\"widget\" data-e-type=\"widget\" data-widget_type=\"image.default\">\n\t\t\t\t<div class=\"elementor-widget-container\">\n\t\t\t\t\t\t\t\t\t\t\t\t\t\t\t<img loading=\"lazy\" decoding=\"async\" width=\"512\" height=\"800\" src=\"https:\/\/lesjardinsderoquelin.fr\/ilex\/wp-content\/uploads\/sites\/2\/2022\/06\/Noir-et-Blanc-Portrait-dune-Femme-Photo-Wattpad-Livre-Couverture-3.png\" class=\"attachment-large size-large wp-image-313\" alt=\"Cl\u00e9matite\" srcset=\"https:\/\/lesjardinsderoquelin.fr\/ilex\/wp-content\/uploads\/sites\/2\/2022\/06\/Noir-et-Blanc-Portrait-dune-Femme-Photo-Wattpad-Livre-Couverture-3.png 512w, https:\/\/lesjardinsderoquelin.fr\/ilex\/wp-content\/uploads\/sites\/2\/2022\/06\/Noir-et-Blanc-Portrait-dune-Femme-Photo-Wattpad-Livre-Couverture-3-192x300.png 192w, https:\/\/lesjardinsderoquelin.fr\/ilex\/wp-content\/uploads\/sites\/2\/2022\/06\/Noir-et-Blanc-Portrait-dune-Femme-Photo-Wattpad-Livre-Couverture-3-74x116.png 74w\" sizes=\"100vw\" \/>\t\t\t\t\t\t\t\t\t\t\t\t\t\t\t<\/div>\n\t\t\t\t<\/div>\n\t\t\t\t\t<\/div>\n\t\t<\/div>\n\t\t\t\t<div class=\"elementor-column elementor-col-25 elementor-top-column elementor-element elementor-element-fc09825\" data-id=\"fc09825\" data-element_type=\"column\" data-e-type=\"column\" data-settings=\"{&quot;background_background&quot;:&quot;classic&quot;}\">\n\t\t\t<div class=\"elementor-widget-wrap elementor-element-populated\">\n\t\t\t\t\t\t<div class=\"elementor-element elementor-element-5107255 elementor-widget elementor-widget-heading\" data-id=\"5107255\" data-element_type=\"widget\" data-e-type=\"widget\" data-widget_type=\"heading.default\">\n\t\t\t\t<div class=\"elementor-widget-container\">\n\t\t\t\t\t<h2 class=\"elementor-heading-title elementor-size-default\">Les cl\u00e9matites<\/h2>\t\t\t\t<\/div>\n\t\t\t\t<\/div>\n\t\t\t\t<div class=\"elementor-element elementor-element-ecd13c3 elementor-widget elementor-widget-text-editor\" data-id=\"ecd13c3\" data-element_type=\"widget\" data-e-type=\"widget\" data-widget_type=\"text-editor.default\">\n\t\t\t\t<div class=\"elementor-widget-container\">\n\t\t\t\t\t\t\t\t\t<p>Les cl\u00e9matites sont des plantes grimpantes de vigueurs selon les vari\u00e9t\u00e9s et esp\u00e8ces, elles couvrent rapidement les m\u00fbrs, pergolas et palissades, quand elle appr\u00e9cie son environnement.<\/p>\t\t\t\t\t\t\t\t<\/div>\n\t\t\t\t<\/div>\n\t\t\t\t<div class=\"elementor-element elementor-element-1add67d elementor-align-center elementor-widget elementor-widget-button\" data-id=\"1add67d\" data-element_type=\"widget\" data-e-type=\"widget\" data-widget_type=\"button.default\">\n\t\t\t\t<div class=\"elementor-widget-container\">\n\t\t\t\t\t\t\t\t\t<div class=\"elementor-button-wrapper\">\n\t\t\t\t\t<a class=\"elementor-button elementor-button-link elementor-size-xs\" href=\"#\">\n\t\t\t\t\t\t<span class=\"elementor-button-content-wrapper\">\n\t\t\t\t\t\t\t\t\t<span class=\"elementor-button-text\">En savoir +<\/span>\n\t\t\t\t\t<\/span>\n\t\t\t\t\t<\/a>\n\t\t\t\t<\/div>\n\t\t\t\t\t\t\t\t<\/div>\n\t\t\t\t<\/div>\n\t\t\t\t\t<\/div>\n\t\t<\/div>\n\t\t\t\t\t<\/div>\n\t\t<\/section>\n\t\t\t\t<section class=\"elementor-section elementor-top-section elementor-element elementor-element-fc20475 elementor-section-stretched elementor-section-boxed elementor-section-height-default elementor-section-height-default\" data-id=\"fc20475\" data-element_type=\"section\" data-e-type=\"section\" data-settings=\"{&quot;stretch_section&quot;:&quot;section-stretched&quot;}\">\n\t\t\t\t\t\t<div class=\"elementor-container elementor-column-gap-default\">\n\t\t\t\t\t<div class=\"elementor-column elementor-col-33 elementor-top-column elementor-element elementor-element-0303287\" data-id=\"0303287\" data-element_type=\"column\" data-e-type=\"column\">\n\t\t\t<div class=\"elementor-widget-wrap elementor-element-populated\">\n\t\t\t\t\t\t<div class=\"elementor-element elementor-element-8903e07 elementor-widget elementor-widget-image\" data-id=\"8903e07\" data-element_type=\"widget\" data-e-type=\"widget\" data-widget_type=\"image.default\">\n\t\t\t\t<div class=\"elementor-widget-container\">\n\t\t\t\t\t\t\t\t\t\t\t\t\t\t\t<img loading=\"lazy\" decoding=\"async\" width=\"512\" height=\"800\" src=\"https:\/\/lesjardinsderoquelin.fr\/ilex\/wp-content\/uploads\/sites\/2\/2022\/06\/Arboretum.png\" class=\"attachment-large size-large wp-image-334\" alt=\"Arboretum\" srcset=\"https:\/\/lesjardinsderoquelin.fr\/ilex\/wp-content\/uploads\/sites\/2\/2022\/06\/Arboretum.png 512w, https:\/\/lesjardinsderoquelin.fr\/ilex\/wp-content\/uploads\/sites\/2\/2022\/06\/Arboretum-192x300.png 192w, https:\/\/lesjardinsderoquelin.fr\/ilex\/wp-content\/uploads\/sites\/2\/2022\/06\/Arboretum-74x116.png 74w\" sizes=\"100vw\" \/>\t\t\t\t\t\t\t\t\t\t\t\t\t\t\t<\/div>\n\t\t\t\t<\/div>\n\t\t\t\t\t<\/div>\n\t\t<\/div>\n\t\t\t\t<div class=\"elementor-column elementor-col-33 elementor-top-column elementor-element elementor-element-f346cff\" data-id=\"f346cff\" data-element_type=\"column\" data-e-type=\"column\" data-settings=\"{&quot;background_background&quot;:&quot;classic&quot;}\">\n\t\t\t<div class=\"elementor-widget-wrap elementor-element-populated\">\n\t\t\t\t\t\t<div class=\"elementor-element elementor-element-349eeb0 elementor-widget elementor-widget-heading\" data-id=\"349eeb0\" data-element_type=\"widget\" data-e-type=\"widget\" data-widget_type=\"heading.default\">\n\t\t\t\t<div class=\"elementor-widget-container\">\n\t\t\t\t\t<h2 class=\"elementor-heading-title elementor-size-default\">L'arboretum<\/h2>\t\t\t\t<\/div>\n\t\t\t\t<\/div>\n\t\t\t\t<div class=\"elementor-element elementor-element-6cad8c6 elementor-widget elementor-widget-text-editor\" data-id=\"6cad8c6\" data-element_type=\"widget\" data-e-type=\"widget\" data-widget_type=\"text-editor.default\">\n\t\t\t\t<div class=\"elementor-widget-container\">\n\t\t\t\t\t\t\t\t\t<p>Le but principal de l&rsquo;Arboretum est l&rsquo;introduction d&rsquo;esp\u00e8ces, d&rsquo;hybrides et cultivars mal connus en France, afin d&rsquo;\u00e9tudier leur d\u00e9veloppement, leur \u00e9tat phytosanitaire, leur fructification et leur rusticit\u00e9 sous nos climats.\u00a0<\/p>\t\t\t\t\t\t\t\t<\/div>\n\t\t\t\t<\/div>\n\t\t\t\t<div class=\"elementor-element elementor-element-86f0699 elementor-align-center elementor-widget elementor-widget-button\" data-id=\"86f0699\" data-element_type=\"widget\" data-e-type=\"widget\" data-widget_type=\"button.default\">\n\t\t\t\t<div class=\"elementor-widget-container\">\n\t\t\t\t\t\t\t\t\t<div class=\"elementor-button-wrapper\">\n\t\t\t\t\t<a class=\"elementor-button elementor-button-link elementor-size-xs\" href=\"https:\/\/lesjardinsderoquelin.fr\/ilex\/72-2\/\">\n\t\t\t\t\t\t<span class=\"elementor-button-content-wrapper\">\n\t\t\t\t\t\t\t\t\t<span class=\"elementor-button-text\">En savoir +<\/span>\n\t\t\t\t\t<\/span>\n\t\t\t\t\t<\/a>\n\t\t\t\t<\/div>\n\t\t\t\t\t\t\t\t<\/div>\n\t\t\t\t<\/div>\n\t\t\t\t<div class=\"elementor-element elementor-element-7eb188f elementor-widget elementor-widget-image\" data-id=\"7eb188f\" data-element_type=\"widget\" data-e-type=\"widget\" data-widget_type=\"image.default\">\n\t\t\t\t<div class=\"elementor-widget-container\">\n\t\t\t\t\t\t\t\t\t\t\t\t\t\t\t<img loading=\"lazy\" decoding=\"async\" width=\"950\" height=\"634\" src=\"https:\/\/lesjardinsderoquelin.fr\/ilex\/wp-content\/uploads\/sites\/2\/2022\/02\/thumb_IMG_6535_1024-1024x683.jpg\" class=\"attachment-large size-large wp-image-35\" alt=\"\" srcset=\"https:\/\/lesjardinsderoquelin.fr\/ilex\/wp-content\/uploads\/sites\/2\/2022\/02\/thumb_IMG_6535_1024-1024x683.jpg 1024w, https:\/\/lesjardinsderoquelin.fr\/ilex\/wp-content\/uploads\/sites\/2\/2022\/02\/thumb_IMG_6535_1024-300x200.jpg 300w, https:\/\/lesjardinsderoquelin.fr\/ilex\/wp-content\/uploads\/sites\/2\/2022\/02\/thumb_IMG_6535_1024-768x512.jpg 768w, https:\/\/lesjardinsderoquelin.fr\/ilex\/wp-content\/uploads\/sites\/2\/2022\/02\/thumb_IMG_6535_1024-174x116.jpg 174w, https:\/\/lesjardinsderoquelin.fr\/ilex\/wp-content\/uploads\/sites\/2\/2022\/02\/thumb_IMG_6535_1024.jpg 1086w\" sizes=\"100vw\" \/>\t\t\t\t\t\t\t\t\t\t\t\t\t\t\t<\/div>\n\t\t\t\t<\/div>\n\t\t\t\t\t<\/div>\n\t\t<\/div>\n\t\t\t\t<div class=\"elementor-column elementor-col-33 elementor-top-column elementor-element elementor-element-5039f14\" data-id=\"5039f14\" data-element_type=\"column\" data-e-type=\"column\">\n\t\t\t<div class=\"elementor-widget-wrap elementor-element-populated\">\n\t\t\t\t\t\t<div class=\"elementor-element elementor-element-4605333 elementor-widget elementor-widget-image\" data-id=\"4605333\" data-element_type=\"widget\" data-e-type=\"widget\" data-widget_type=\"image.default\">\n\t\t\t\t<div class=\"elementor-widget-container\">\n\t\t\t\t\t\t\t\t\t\t\t\t\t\t\t<img loading=\"lazy\" decoding=\"async\" width=\"512\" height=\"800\" src=\"https:\/\/lesjardinsderoquelin.fr\/ilex\/wp-content\/uploads\/sites\/2\/2022\/06\/Arboretum-2.png\" class=\"attachment-large size-large wp-image-335\" alt=\"Arboretum\" srcset=\"https:\/\/lesjardinsderoquelin.fr\/ilex\/wp-content\/uploads\/sites\/2\/2022\/06\/Arboretum-2.png 512w, https:\/\/lesjardinsderoquelin.fr\/ilex\/wp-content\/uploads\/sites\/2\/2022\/06\/Arboretum-2-192x300.png 192w, https:\/\/lesjardinsderoquelin.fr\/ilex\/wp-content\/uploads\/sites\/2\/2022\/06\/Arboretum-2-74x116.png 74w\" sizes=\"100vw\" \/>\t\t\t\t\t\t\t\t\t\t\t\t\t\t\t<\/div>\n\t\t\t\t<\/div>\n\t\t\t\t\t<\/div>\n\t\t<\/div>\n\t\t\t\t\t<\/div>\n\t\t<\/section>\n\t\t\t\t<\/div>\n\t\t","protected":false},"excerpt":{"rendered":"<p>L&rsquo;Ilex Le mot \u00ab\u00a0Ilex\u00a0\u00bb est extrait du latin et signifie \u00ab\u00a0ch\u00eane vert\u00a0\u00bb, cela \u00e0 cause de ses feuilles qui ressemblent beaucoup aux feuilles de ch\u00eanes. En savoir + Les \u00e9rables La plupart des \u00e9rables peuvent atteindre entre 10 et 45 m de hauteur. Les plus petits, eux, prennent le terme d\u2019arbrisseau. L\u2019\u00e9rable tol\u00e8re le manque &hellip; <\/p>\n<p class=\"link-more\"><a href=\"https:\/\/lesjardinsderoquelin.fr\/ilex\/galerie-photos\/\" class=\"more-link\">Lire la suite de<span class=\"screen-reader-text\">\u00ab\u00a0GALERIE PHOTOS\u00a0\u00bb<\/span><\/a><\/p>\n","protected":false},"author":2,"featured_media":0,"parent":0,"menu_order":0,"comment_status":"closed","ping_status":"closed","template":"","meta":{"inspiro_hide_title":false,"footnotes":""},"class_list":["post-37","page","type-page","status-publish","hentry"],"jetpack_sharing_enabled":true,"_links":{"self":[{"href":"https:\/\/lesjardinsderoquelin.fr\/ilex\/wp-json\/wp\/v2\/pages\/37","targetHints":{"allow":["GET"]}}],"collection":[{"href":"https:\/\/lesjardinsderoquelin.fr\/ilex\/wp-json\/wp\/v2\/pages"}],"about":[{"href":"https:\/\/lesjardinsderoquelin.fr\/ilex\/wp-json\/wp\/v2\/types\/page"}],"author":[{"embeddable":true,"href":"https:\/\/lesjardinsderoquelin.fr\/ilex\/wp-json\/wp\/v2\/users\/2"}],"replies":[{"embeddable":true,"href":"https:\/\/lesjardinsderoquelin.fr\/ilex\/wp-json\/wp\/v2\/comments?post=37"}],"version-history":[{"count":0,"href":"https:\/\/lesjardinsderoquelin.fr\/ilex\/wp-json\/wp\/v2\/pages\/37\/revisions"}],"wp:attachment":[{"href":"https:\/\/lesjardinsderoquelin.fr\/ilex\/wp-json\/wp\/v2\/media?parent=37"}],"curies":[{"name":"wp","href":"https:\/\/api.w.org\/{rel}","templated":true}]}}